{"id":2040,"date":"2020-08-18T11:54:22","date_gmt":"2020-08-18T15:54:22","guid":{"rendered":"http:\/\/debonvillev4.flywheelsites.com\/commerciale\/"},"modified":"2020-09-22T22:06:16","modified_gmt":"2020-09-23T02:06:16","slug":"commercial-and-industrial-services","status":"publish","type":"page","link":"https:\/\/ebenisteriedebonville.ca\/en\/commercial-and-industrial-services\/","title":{"rendered":"COMMERCIAL AND INDUSTRIAL SERVICES"},"content":{"rendered":"<div class=\"container\">\n<div class=\"row align-items-center\">\n<div class=\"col-12 text-left\">\n<h1>Commercial furnishings to accent the brand<\/h1>\n<\/div>\n<\/div>\n<div class=\"row align-items-center\">\n<div class=\"col-md-6 col-12 text-justify p-5\">\n\u00c9b\u00e9nisterie Debonville knows that the choice of furniture in the commercial and industrial sector should go beyond the ordinary. Our artisans will listen to you and create commercial and industrial furnishings that will strengthen your company image.\n<\/div>\n<div class=\"col-md-6 col-12 text-justify p-5\">\nWhen it comes to conference tables, reception counters, commercial and industrial entranceways &#8211; shelving, display cabinets, lunch rooms, checkout counters,  \u00c9b\u00e9nisterie Debonville knows how to make them stand out. Just come and share your ideas with the professionals at \u00c9b\u00e9nisterie Debonville.\n<\/div>\n<\/div>\n<\/div>\n<p><!--section centre --><\/p>\n<p>    <!--container 1 --><\/p>\n<div class=\"container\">\n<div class=\"row align-items-center\">\n<div class=\"col-md-6 col-12\">\n            <img class=\"img-fluid\" src= \"\/wp-content\/uploads\/2020\/09\/EbenisterieDebonville_Architectes.jpg\" alt=\"commerce\"\/>\n        <\/div>\n<div class=\"col-md-6 col-12  text-justify\">\n<h2>Before welcoming your first client into a business or industry <\/h2>\n<p>Before welcoming their first client into a new environment, a merchant or manufacturer  gives our cabinetmakers an architectural plan. Together, they&#8217;ll discuss the project, specific requirements and choices of material all of which will be followed by production design drawings, a photographic rendering, a schedule, production, assembly and installation.  <\/p>\n<\/p><\/div>\n<\/p><\/div>\n<\/div>\n<p><!--container parallax travaux-garantis --><\/p>\n<div class=\"container-fluid parallax garantis\">\n<div class=\"row align-items-center\">\n<div class=\"col-md-6 offset-md-3 col-12 text-center\">\n<h1 class=\"text-center text-white\">Commercial furniture guaranteed <\/h1>\n<h3 class=\"text-center text-white\">\u00c9b\u00e9nisterie Debonville offers a one year, limited guarantee for normal use on materials, manufacture and installation.  <\/h3>\n<\/div>\n<\/div>\n<\/div>\n","protected":false},"excerpt":{"rendered":"<p>Commercial furnishings to accent the brand \u00c9b\u00e9nisterie Debonville knows that the choice of furniture in the commercial and industrial sector should go beyond the ordinary. Our artisans will listen to you and create commercial and industrial furnishings that will strengthen your company image. When it comes to conference tables, reception counters, commercial and industrial entranceways [&hellip;]<\/p>\n","protected":false},"author":1,"featured_media":1577,"parent":0,"menu_order":0,"comment_status":"closed","ping_status":"closed","template":"template-full-width.php","meta":{"_acf_changed":false,"footnotes":""},"class_list":["post-2040","page","type-page","status-publish","has-post-thumbnail","hentry"],"acf":[],"yoast_head":"<!-- This site is optimized with the Yoast SEO plugin v27.4 - https:\/\/yoast.com\/product\/yoast-seo-wordpress\/ -->\n<title>Commercial and industrial services | Commercial furniture, industrial furniture |\u202f\u00c9b\u00e9nisterie Debonville<\/title>\n<meta name=\"description\" content=\"\u00c9b\u00e9nisterie Debonville will listen to you and create commercial and industrial furnishings that will strengthen your company image.\" \/>\n<meta name=\"robots\" content=\"index, follow, max-snippet:-1, max-image-preview:large, max-video-preview:-1\" \/>\n<link rel=\"canonical\" href=\"https:\/\/ebenisteriedebonville.ca\/en\/commercial-and-industrial-services\/\" \/>\n<meta property=\"og:locale\" content=\"en_US\" \/>\n<meta property=\"og:type\" content=\"article\" \/>\n<meta property=\"og:title\" content=\"Commercial and industrial services | Commercial furniture, industrial furniture |\u202f\u00c9b\u00e9nisterie Debonville\" \/>\n<meta property=\"og:description\" content=\"\u00c9b\u00e9nisterie Debonville will listen to you and create commercial and industrial furnishings that will strengthen your company image.\" \/>\n<meta property=\"og:url\" content=\"https:\/\/ebenisteriedebonville.ca\/en\/commercial-and-industrial-services\/\" \/>\n<meta property=\"og:site_name\" content=\"\u00c9b\u00e9nisterie Debonville\" \/>\n<meta property=\"article:modified_time\" content=\"2020-09-23T02:06:16+00:00\" \/>\n<meta property=\"og:image\" content=\"https:\/\/ebenisteriedebonville.ca\/wp-content\/uploads\/2020\/09\/EbenisterieDebonville_titreCommerciale.jpg\" \/>\n\t<meta property=\"og:image:width\" content=\"1900\" \/>\n\t<meta property=\"og:image:height\" content=\"1267\" \/>\n\t<meta property=\"og:image:type\" content=\"image\/jpeg\" \/>\n<meta name=\"twitter:card\" content=\"summary_large_image\" \/>\n<meta name=\"twitter:label1\" content=\"Est. reading time\" \/>\n\t<meta name=\"twitter:data1\" content=\"1 minute\" \/>\n<script type=\"application\/ld+json\" class=\"yoast-schema-graph\">{\"@context\":\"https:\\\/\\\/schema.org\",\"@graph\":[{\"@type\":\"WebPage\",\"@id\":\"https:\\\/\\\/ebenisteriedebonville.ca\\\/en\\\/commercial-and-industrial-services\\\/\",\"url\":\"https:\\\/\\\/ebenisteriedebonville.ca\\\/en\\\/commercial-and-industrial-services\\\/\",\"name\":\"Commercial and industrial services | Commercial furniture, industrial furniture |\u202f\u00c9b\u00e9nisterie Debonville\",\"isPartOf\":{\"@id\":\"https:\\\/\\\/ebenisteriedebonville.ca\\\/#website\"},\"primaryImageOfPage\":{\"@id\":\"https:\\\/\\\/ebenisteriedebonville.ca\\\/en\\\/commercial-and-industrial-services\\\/#primaryimage\"},\"image\":{\"@id\":\"https:\\\/\\\/ebenisteriedebonville.ca\\\/en\\\/commercial-and-industrial-services\\\/#primaryimage\"},\"thumbnailUrl\":\"https:\\\/\\\/ebenisteriedebonville.ca\\\/wp-content\\\/uploads\\\/2020\\\/09\\\/EbenisterieDebonville_titreCommerciale.jpg\",\"datePublished\":\"2020-08-18T15:54:22+00:00\",\"dateModified\":\"2020-09-23T02:06:16+00:00\",\"description\":\"\u00c9b\u00e9nisterie Debonville will listen to you and create commercial and industrial furnishings that will strengthen your company image.\",\"breadcrumb\":{\"@id\":\"https:\\\/\\\/ebenisteriedebonville.ca\\\/en\\\/commercial-and-industrial-services\\\/#breadcrumb\"},\"inLanguage\":\"en-US\",\"potentialAction\":[{\"@type\":\"ReadAction\",\"target\":[\"https:\\\/\\\/ebenisteriedebonville.ca\\\/en\\\/commercial-and-industrial-services\\\/\"]}]},{\"@type\":\"ImageObject\",\"inLanguage\":\"en-US\",\"@id\":\"https:\\\/\\\/ebenisteriedebonville.ca\\\/en\\\/commercial-and-industrial-services\\\/#primaryimage\",\"url\":\"https:\\\/\\\/ebenisteriedebonville.ca\\\/wp-content\\\/uploads\\\/2020\\\/09\\\/EbenisterieDebonville_titreCommerciale.jpg\",\"contentUrl\":\"https:\\\/\\\/ebenisteriedebonville.ca\\\/wp-content\\\/uploads\\\/2020\\\/09\\\/EbenisterieDebonville_titreCommerciale.jpg\",\"width\":1900,\"height\":1267},{\"@type\":\"BreadcrumbList\",\"@id\":\"https:\\\/\\\/ebenisteriedebonville.ca\\\/en\\\/commercial-and-industrial-services\\\/#breadcrumb\",\"itemListElement\":[{\"@type\":\"ListItem\",\"position\":1,\"name\":\"Home\",\"item\":\"https:\\\/\\\/ebenisteriedebonville.ca\\\/en\\\/\"},{\"@type\":\"ListItem\",\"position\":2,\"name\":\"COMMERCIAL AND INDUSTRIAL SERVICES\"}]},{\"@type\":\"WebSite\",\"@id\":\"https:\\\/\\\/ebenisteriedebonville.ca\\\/#website\",\"url\":\"https:\\\/\\\/ebenisteriedebonville.ca\\\/\",\"name\":\"\u00c9b\u00e9nisterie Debonville\",\"description\":\"\",\"publisher\":{\"@id\":\"https:\\\/\\\/ebenisteriedebonville.ca\\\/#organization\"},\"potentialAction\":[{\"@type\":\"SearchAction\",\"target\":{\"@type\":\"EntryPoint\",\"urlTemplate\":\"https:\\\/\\\/ebenisteriedebonville.ca\\\/?s={search_term_string}\"},\"query-input\":{\"@type\":\"PropertyValueSpecification\",\"valueRequired\":true,\"valueName\":\"search_term_string\"}}],\"inLanguage\":\"en-US\"},{\"@type\":\"Organization\",\"@id\":\"https:\\\/\\\/ebenisteriedebonville.ca\\\/#organization\",\"name\":\"\u00c9b\u00e9nisterie Debonville\",\"url\":\"https:\\\/\\\/ebenisteriedebonville.ca\\\/\",\"logo\":{\"@type\":\"ImageObject\",\"inLanguage\":\"en-US\",\"@id\":\"https:\\\/\\\/ebenisteriedebonville.ca\\\/#\\\/schema\\\/logo\\\/image\\\/\",\"url\":\"https:\\\/\\\/ebenisteriedebonville.ca\\\/wp-content\\\/uploads\\\/2020\\\/09\\\/cropped-e\u0301be\u0301nisterie-debonville.jpg\",\"contentUrl\":\"https:\\\/\\\/ebenisteriedebonville.ca\\\/wp-content\\\/uploads\\\/2020\\\/09\\\/cropped-e\u0301be\u0301nisterie-debonville.jpg\",\"width\":167,\"height\":100,\"caption\":\"\u00c9b\u00e9nisterie Debonville\"},\"image\":{\"@id\":\"https:\\\/\\\/ebenisteriedebonville.ca\\\/#\\\/schema\\\/logo\\\/image\\\/\"}}]}<\/script>\n<!-- \/ Yoast SEO plugin. -->","yoast_head_json":{"title":"Commercial and industrial services | Commercial furniture, industrial furniture |\u202f\u00c9b\u00e9nisterie Debonville","description":"\u00c9b\u00e9nisterie Debonville will listen to you and create commercial and industrial furnishings that will strengthen your company image.","robots":{"index":"index","follow":"follow","max-snippet":"max-snippet:-1","max-image-preview":"max-image-preview:large","max-video-preview":"max-video-preview:-1"},"canonical":"https:\/\/ebenisteriedebonville.ca\/en\/commercial-and-industrial-services\/","og_locale":"en_US","og_type":"article","og_title":"Commercial and industrial services | Commercial furniture, industrial furniture |\u202f\u00c9b\u00e9nisterie Debonville","og_description":"\u00c9b\u00e9nisterie Debonville will listen to you and create commercial and industrial furnishings that will strengthen your company image.","og_url":"https:\/\/ebenisteriedebonville.ca\/en\/commercial-and-industrial-services\/","og_site_name":"\u00c9b\u00e9nisterie Debonville","article_modified_time":"2020-09-23T02:06:16+00:00","og_image":[{"width":1900,"height":1267,"url":"https:\/\/ebenisteriedebonville.ca\/wp-content\/uploads\/2020\/09\/EbenisterieDebonville_titreCommerciale.jpg","type":"image\/jpeg"}],"twitter_card":"summary_large_image","twitter_misc":{"Est. reading time":"1 minute"},"schema":{"@context":"https:\/\/schema.org","@graph":[{"@type":"WebPage","@id":"https:\/\/ebenisteriedebonville.ca\/en\/commercial-and-industrial-services\/","url":"https:\/\/ebenisteriedebonville.ca\/en\/commercial-and-industrial-services\/","name":"Commercial and industrial services | Commercial furniture, industrial furniture |\u202f\u00c9b\u00e9nisterie Debonville","isPartOf":{"@id":"https:\/\/ebenisteriedebonville.ca\/#website"},"primaryImageOfPage":{"@id":"https:\/\/ebenisteriedebonville.ca\/en\/commercial-and-industrial-services\/#primaryimage"},"image":{"@id":"https:\/\/ebenisteriedebonville.ca\/en\/commercial-and-industrial-services\/#primaryimage"},"thumbnailUrl":"https:\/\/ebenisteriedebonville.ca\/wp-content\/uploads\/2020\/09\/EbenisterieDebonville_titreCommerciale.jpg","datePublished":"2020-08-18T15:54:22+00:00","dateModified":"2020-09-23T02:06:16+00:00","description":"\u00c9b\u00e9nisterie Debonville will listen to you and create commercial and industrial furnishings that will strengthen your company image.","breadcrumb":{"@id":"https:\/\/ebenisteriedebonville.ca\/en\/commercial-and-industrial-services\/#breadcrumb"},"inLanguage":"en-US","potentialAction":[{"@type":"ReadAction","target":["https:\/\/ebenisteriedebonville.ca\/en\/commercial-and-industrial-services\/"]}]},{"@type":"ImageObject","inLanguage":"en-US","@id":"https:\/\/ebenisteriedebonville.ca\/en\/commercial-and-industrial-services\/#primaryimage","url":"https:\/\/ebenisteriedebonville.ca\/wp-content\/uploads\/2020\/09\/EbenisterieDebonville_titreCommerciale.jpg","contentUrl":"https:\/\/ebenisteriedebonville.ca\/wp-content\/uploads\/2020\/09\/EbenisterieDebonville_titreCommerciale.jpg","width":1900,"height":1267},{"@type":"BreadcrumbList","@id":"https:\/\/ebenisteriedebonville.ca\/en\/commercial-and-industrial-services\/#breadcrumb","itemListElement":[{"@type":"ListItem","position":1,"name":"Home","item":"https:\/\/ebenisteriedebonville.ca\/en\/"},{"@type":"ListItem","position":2,"name":"COMMERCIAL AND INDUSTRIAL SERVICES"}]},{"@type":"WebSite","@id":"https:\/\/ebenisteriedebonville.ca\/#website","url":"https:\/\/ebenisteriedebonville.ca\/","name":"\u00c9b\u00e9nisterie Debonville","description":"","publisher":{"@id":"https:\/\/ebenisteriedebonville.ca\/#organization"},"potentialAction":[{"@type":"SearchAction","target":{"@type":"EntryPoint","urlTemplate":"https:\/\/ebenisteriedebonville.ca\/?s={search_term_string}"},"query-input":{"@type":"PropertyValueSpecification","valueRequired":true,"valueName":"search_term_string"}}],"inLanguage":"en-US"},{"@type":"Organization","@id":"https:\/\/ebenisteriedebonville.ca\/#organization","name":"\u00c9b\u00e9nisterie Debonville","url":"https:\/\/ebenisteriedebonville.ca\/","logo":{"@type":"ImageObject","inLanguage":"en-US","@id":"https:\/\/ebenisteriedebonville.ca\/#\/schema\/logo\/image\/","url":"https:\/\/ebenisteriedebonville.ca\/wp-content\/uploads\/2020\/09\/cropped-e\u0301be\u0301nisterie-debonville.jpg","contentUrl":"https:\/\/ebenisteriedebonville.ca\/wp-content\/uploads\/2020\/09\/cropped-e\u0301be\u0301nisterie-debonville.jpg","width":167,"height":100,"caption":"\u00c9b\u00e9nisterie Debonville"},"image":{"@id":"https:\/\/ebenisteriedebonville.ca\/#\/schema\/logo\/image\/"}}]}},"_links":{"self":[{"href":"https:\/\/ebenisteriedebonville.ca\/en\/wp-json\/wp\/v2\/pages\/2040","targetHints":{"allow":["GET"]}}],"collection":[{"href":"https:\/\/ebenisteriedebonville.ca\/en\/wp-json\/wp\/v2\/pages"}],"about":[{"href":"https:\/\/ebenisteriedebonville.ca\/en\/wp-json\/wp\/v2\/types\/page"}],"author":[{"embeddable":true,"href":"https:\/\/ebenisteriedebonville.ca\/en\/wp-json\/wp\/v2\/users\/1"}],"replies":[{"embeddable":true,"href":"https:\/\/ebenisteriedebonville.ca\/en\/wp-json\/wp\/v2\/comments?post=2040"}],"version-history":[{"count":0,"href":"https:\/\/ebenisteriedebonville.ca\/en\/wp-json\/wp\/v2\/pages\/2040\/revisions"}],"wp:featuredmedia":[{"embeddable":true,"href":"https:\/\/ebenisteriedebonville.ca\/en\/wp-json\/wp\/v2\/media\/1577"}],"wp:attachment":[{"href":"https:\/\/ebenisteriedebonville.ca\/en\/wp-json\/wp\/v2\/media?parent=2040"}],"curies":[{"name":"wp","href":"https:\/\/api.w.org\/{rel}","templated":true}]}}