{"id":2074,"date":"2018-10-23T06:46:41","date_gmt":"2018-10-23T10:46:41","guid":{"rendered":"http:\/\/debonvillev4.flywheelsites.com\/services-commerciaux-et-industriels-meubles-commerciaux-meubles-industriels-%e2%80%afebenisterie-debonville\/"},"modified":"2020-09-22T23:12:33","modified_gmt":"2020-09-23T03:12:33","slug":"services-commerciaux-et-industriels-meubles-commerciaux-meubles-industriels-%e2%80%afebenisterie-debonville","status":"publish","type":"page","link":"https:\/\/ebenisteriedebonville.ca\/en\/","title":{"rendered":"Accueil"},"content":{"rendered":"<div class=\"container mt-5\">\n<div class=\"row logos\">\n<div class=\"col-6 col-md-3\">\n<img decoding=\"async\" class=\"logoMembres img-fluid\" src=\"\/logo-ccibvhsl\/\" alt=\"chambre de commerce\" \/>\n<\/div>\n<div class=\"col-6 col-md-3\">\n<img decoding=\"async\" class=\"logoMembres img-fluid\" src=\"\/apcha\/\" alt=\"APCHA\" \/>\n<\/div>\n<div class=\"col-6 col-md-3\">\n<img decoding=\"async\" class=\"logoMembres img-fluid\" src=\"\/regiedubatiement\/\" alt=\"R\u00e9gie du b\u00e2timent\" \/>\n<\/div>\n<div class=\"col-6 col-md-3\">\n<img decoding=\"async\" class=\"logoMembres img-fluid\" src=\"\/mutuelle-attraction-logo\/\" alt=\"Mutuelle\" \/>\n<\/div>\n<div class=\"row align-items-center p-5\">\n<p>\u00c9b\u00e9nisterie Debonville is a member of the <a href=\"https:\/\/ccibvhsl.ca\/\">Chambre de commerce et d\u2019industrie Beauharnois Valleyfield Haut-Saint-Laurent <\/a>, the <a href=\"https:\/\/www.apchq.com\">Association des professionnels de la construction et de l\u2019habitation du Qu\u00e9bec<\/a>, the <a href=\"https:\/\/www.rbq.gouv.qc.ca\/\">R\u00e9gie du b\u00e2timent du Qu\u00e9bec<\/a>\u00a0 and the <a href=\"https:\/\/www.mutuelle-attraction.com\/\">Mutuelle d\u2019attraction<\/a>.<\/p>\n<p>&nbsp;<\/p>\n<\/div>\n<\/div>\n","protected":false},"excerpt":{"rendered":"<p>\u00c9b\u00e9nisterie Debonville is a member of the Chambre de commerce et d\u2019industrie Beauharnois Valleyfield Haut-Saint-Laurent , the Association des professionnels de la construction et de l\u2019habitation du Qu\u00e9bec, the R\u00e9gie du b\u00e2timent du Qu\u00e9bec\u00a0 and the Mutuelle d\u2019attraction. &nbsp;<\/p>\n","protected":false},"author":1,"featured_media":0,"parent":0,"menu_order":0,"comment_status":"closed","ping_status":"closed","template":"template-home-page.php","meta":{"_acf_changed":false,"footnotes":""},"class_list":["post-2074","page","type-page","status-publish","hentry"],"acf":[],"yoast_head":"<!-- This site is optimized with the Yoast SEO plugin v27.4 - https:\/\/yoast.com\/product\/yoast-seo-wordpress\/ -->\n<title>Accueil | \u00e9b\u00e9nisterie Debonville, design, moderne |\u202f\u00c9b\u00e9nisterie Debonville<\/title>\n<meta name=\"description\" content=\"Toute r\u00e9sidence devrait \u00eatre le reflet des occupants. \u00c9b\u00e9nisterie Debonville \u00e0 Salaberry-de-Valleyfield, con\u00e7oit des armoires de cuisine et de salle de bain au design moderne.\" \/>\n<meta name=\"robots\" content=\"index, follow, max-snippet:-1, max-image-preview:large, max-video-preview:-1\" \/>\n<link rel=\"canonical\" href=\"https:\/\/ebenisteriedebonville.ca\/en\/\" \/>\n<meta property=\"og:locale\" content=\"en_US\" \/>\n<meta property=\"og:type\" content=\"article\" \/>\n<meta property=\"og:title\" content=\"Accueil | \u00e9b\u00e9nisterie Debonville, design, moderne |\u202f\u00c9b\u00e9nisterie Debonville\" \/>\n<meta property=\"og:description\" content=\"Toute r\u00e9sidence devrait \u00eatre le reflet des occupants. \u00c9b\u00e9nisterie Debonville \u00e0 Salaberry-de-Valleyfield, con\u00e7oit des armoires de cuisine et de salle de bain au design moderne.\" \/>\n<meta property=\"og:url\" content=\"https:\/\/ebenisteriedebonville.ca\/en\/\" \/>\n<meta property=\"og:site_name\" content=\"\u00c9b\u00e9nisterie Debonville\" \/>\n<meta property=\"article:modified_time\" content=\"2020-09-23T03:12:33+00:00\" \/>\n<meta property=\"og:image\" content=\"https:\/\/ebenisteriedebonville.ca\/logo-ccibvhsl\/\" \/>\n<meta name=\"twitter:card\" content=\"summary_large_image\" \/>\n<script type=\"application\/ld+json\" class=\"yoast-schema-graph\">{\"@context\":\"https:\\\/\\\/schema.org\",\"@graph\":[{\"@type\":\"WebPage\",\"@id\":\"https:\\\/\\\/ebenisteriedebonville.ca\\\/en\\\/\",\"url\":\"https:\\\/\\\/ebenisteriedebonville.ca\\\/en\\\/\",\"name\":\"Accueil | \u00e9b\u00e9nisterie Debonville, design, moderne |\u202f\u00c9b\u00e9nisterie Debonville\",\"isPartOf\":{\"@id\":\"https:\\\/\\\/ebenisteriedebonville.ca\\\/#website\"},\"datePublished\":\"2018-10-23T10:46:41+00:00\",\"dateModified\":\"2020-09-23T03:12:33+00:00\",\"description\":\"Toute r\u00e9sidence devrait \u00eatre le reflet des occupants. \u00c9b\u00e9nisterie Debonville \u00e0 Salaberry-de-Valleyfield, con\u00e7oit des armoires de cuisine et de salle de bain au design moderne.\",\"breadcrumb\":{\"@id\":\"https:\\\/\\\/ebenisteriedebonville.ca\\\/en\\\/#breadcrumb\"},\"inLanguage\":\"en-US\",\"potentialAction\":[{\"@type\":\"ReadAction\",\"target\":[\"https:\\\/\\\/ebenisteriedebonville.ca\\\/en\\\/\"]}]},{\"@type\":\"BreadcrumbList\",\"@id\":\"https:\\\/\\\/ebenisteriedebonville.ca\\\/en\\\/#breadcrumb\",\"itemListElement\":[{\"@type\":\"ListItem\",\"position\":1,\"name\":\"Home\",\"item\":\"https:\\\/\\\/ebenisteriedebonville.ca\\\/en\\\/\"},{\"@type\":\"ListItem\",\"position\":2,\"name\":\"Accueil\"}]},{\"@type\":\"WebSite\",\"@id\":\"https:\\\/\\\/ebenisteriedebonville.ca\\\/#website\",\"url\":\"https:\\\/\\\/ebenisteriedebonville.ca\\\/\",\"name\":\"\u00c9b\u00e9nisterie Debonville\",\"description\":\"\",\"publisher\":{\"@id\":\"https:\\\/\\\/ebenisteriedebonville.ca\\\/#organization\"},\"potentialAction\":[{\"@type\":\"SearchAction\",\"target\":{\"@type\":\"EntryPoint\",\"urlTemplate\":\"https:\\\/\\\/ebenisteriedebonville.ca\\\/?s={search_term_string}\"},\"query-input\":{\"@type\":\"PropertyValueSpecification\",\"valueRequired\":true,\"valueName\":\"search_term_string\"}}],\"inLanguage\":\"en-US\"},{\"@type\":\"Organization\",\"@id\":\"https:\\\/\\\/ebenisteriedebonville.ca\\\/#organization\",\"name\":\"\u00c9b\u00e9nisterie Debonville\",\"url\":\"https:\\\/\\\/ebenisteriedebonville.ca\\\/\",\"logo\":{\"@type\":\"ImageObject\",\"inLanguage\":\"en-US\",\"@id\":\"https:\\\/\\\/ebenisteriedebonville.ca\\\/#\\\/schema\\\/logo\\\/image\\\/\",\"url\":\"https:\\\/\\\/ebenisteriedebonville.ca\\\/wp-content\\\/uploads\\\/2020\\\/09\\\/cropped-e\u0301be\u0301nisterie-debonville.jpg\",\"contentUrl\":\"https:\\\/\\\/ebenisteriedebonville.ca\\\/wp-content\\\/uploads\\\/2020\\\/09\\\/cropped-e\u0301be\u0301nisterie-debonville.jpg\",\"width\":167,\"height\":100,\"caption\":\"\u00c9b\u00e9nisterie Debonville\"},\"image\":{\"@id\":\"https:\\\/\\\/ebenisteriedebonville.ca\\\/#\\\/schema\\\/logo\\\/image\\\/\"}}]}<\/script>\n<!-- \/ Yoast SEO plugin. -->","yoast_head_json":{"title":"Accueil | \u00e9b\u00e9nisterie Debonville, design, moderne |\u202f\u00c9b\u00e9nisterie Debonville","description":"Toute r\u00e9sidence devrait \u00eatre le reflet des occupants. \u00c9b\u00e9nisterie Debonville \u00e0 Salaberry-de-Valleyfield, con\u00e7oit des armoires de cuisine et de salle de bain au design moderne.","robots":{"index":"index","follow":"follow","max-snippet":"max-snippet:-1","max-image-preview":"max-image-preview:large","max-video-preview":"max-video-preview:-1"},"canonical":"https:\/\/ebenisteriedebonville.ca\/en\/","og_locale":"en_US","og_type":"article","og_title":"Accueil | \u00e9b\u00e9nisterie Debonville, design, moderne |\u202f\u00c9b\u00e9nisterie Debonville","og_description":"Toute r\u00e9sidence devrait \u00eatre le reflet des occupants. \u00c9b\u00e9nisterie Debonville \u00e0 Salaberry-de-Valleyfield, con\u00e7oit des armoires de cuisine et de salle de bain au design moderne.","og_url":"https:\/\/ebenisteriedebonville.ca\/en\/","og_site_name":"\u00c9b\u00e9nisterie Debonville","article_modified_time":"2020-09-23T03:12:33+00:00","og_image":[{"url":"https:\/\/ebenisteriedebonville.ca\/logo-ccibvhsl\/","type":"","width":"","height":""}],"twitter_card":"summary_large_image","schema":{"@context":"https:\/\/schema.org","@graph":[{"@type":"WebPage","@id":"https:\/\/ebenisteriedebonville.ca\/en\/","url":"https:\/\/ebenisteriedebonville.ca\/en\/","name":"Accueil | \u00e9b\u00e9nisterie Debonville, design, moderne |\u202f\u00c9b\u00e9nisterie Debonville","isPartOf":{"@id":"https:\/\/ebenisteriedebonville.ca\/#website"},"datePublished":"2018-10-23T10:46:41+00:00","dateModified":"2020-09-23T03:12:33+00:00","description":"Toute r\u00e9sidence devrait \u00eatre le reflet des occupants. \u00c9b\u00e9nisterie Debonville \u00e0 Salaberry-de-Valleyfield, con\u00e7oit des armoires de cuisine et de salle de bain au design moderne.","breadcrumb":{"@id":"https:\/\/ebenisteriedebonville.ca\/en\/#breadcrumb"},"inLanguage":"en-US","potentialAction":[{"@type":"ReadAction","target":["https:\/\/ebenisteriedebonville.ca\/en\/"]}]},{"@type":"BreadcrumbList","@id":"https:\/\/ebenisteriedebonville.ca\/en\/#breadcrumb","itemListElement":[{"@type":"ListItem","position":1,"name":"Home","item":"https:\/\/ebenisteriedebonville.ca\/en\/"},{"@type":"ListItem","position":2,"name":"Accueil"}]},{"@type":"WebSite","@id":"https:\/\/ebenisteriedebonville.ca\/#website","url":"https:\/\/ebenisteriedebonville.ca\/","name":"\u00c9b\u00e9nisterie Debonville","description":"","publisher":{"@id":"https:\/\/ebenisteriedebonville.ca\/#organization"},"potentialAction":[{"@type":"SearchAction","target":{"@type":"EntryPoint","urlTemplate":"https:\/\/ebenisteriedebonville.ca\/?s={search_term_string}"},"query-input":{"@type":"PropertyValueSpecification","valueRequired":true,"valueName":"search_term_string"}}],"inLanguage":"en-US"},{"@type":"Organization","@id":"https:\/\/ebenisteriedebonville.ca\/#organization","name":"\u00c9b\u00e9nisterie Debonville","url":"https:\/\/ebenisteriedebonville.ca\/","logo":{"@type":"ImageObject","inLanguage":"en-US","@id":"https:\/\/ebenisteriedebonville.ca\/#\/schema\/logo\/image\/","url":"https:\/\/ebenisteriedebonville.ca\/wp-content\/uploads\/2020\/09\/cropped-e\u0301be\u0301nisterie-debonville.jpg","contentUrl":"https:\/\/ebenisteriedebonville.ca\/wp-content\/uploads\/2020\/09\/cropped-e\u0301be\u0301nisterie-debonville.jpg","width":167,"height":100,"caption":"\u00c9b\u00e9nisterie Debonville"},"image":{"@id":"https:\/\/ebenisteriedebonville.ca\/#\/schema\/logo\/image\/"}}]}},"_links":{"self":[{"href":"https:\/\/ebenisteriedebonville.ca\/en\/wp-json\/wp\/v2\/pages\/2074","targetHints":{"allow":["GET"]}}],"collection":[{"href":"https:\/\/ebenisteriedebonville.ca\/en\/wp-json\/wp\/v2\/pages"}],"about":[{"href":"https:\/\/ebenisteriedebonville.ca\/en\/wp-json\/wp\/v2\/types\/page"}],"author":[{"embeddable":true,"href":"https:\/\/ebenisteriedebonville.ca\/en\/wp-json\/wp\/v2\/users\/1"}],"replies":[{"embeddable":true,"href":"https:\/\/ebenisteriedebonville.ca\/en\/wp-json\/wp\/v2\/comments?post=2074"}],"version-history":[{"count":0,"href":"https:\/\/ebenisteriedebonville.ca\/en\/wp-json\/wp\/v2\/pages\/2074\/revisions"}],"wp:attachment":[{"href":"https:\/\/ebenisteriedebonville.ca\/en\/wp-json\/wp\/v2\/media?parent=2074"}],"curies":[{"name":"wp","href":"https:\/\/api.w.org\/{rel}","templated":true}]}}