{"id":2426,"date":"2020-10-06T12:10:30","date_gmt":"2020-10-06T16:10:30","guid":{"rendered":"https:\/\/bnisteriedebon.wpenginepowered.com\/offre-demploi\/"},"modified":"2023-11-01T15:01:49","modified_gmt":"2023-11-01T19:01:49","slug":"offre-demploi","status":"publish","type":"page","link":"https:\/\/ebenisteriedebonville.ca\/en\/offre-demploi\/","title":{"rendered":"Offre d&#8217;emploi"},"content":{"rendered":"<p><img loading=\"lazy\" decoding=\"async\" class=\"size-medium wp-image-1489 aligncenter\" src=\"https:\/\/ebenisteriedebonville.ca\/wp-content\/uploads\/2020\/09\/logo_EbenisterieDebonville_2-1-300x180.png\" alt=\"\" width=\"300\" height=\"180\" srcset=\"https:\/\/ebenisteriedebonville.ca\/wp-content\/uploads\/2020\/09\/logo_EbenisterieDebonville_2-1-300x180.png 300w, https:\/\/ebenisteriedebonville.ca\/wp-content\/uploads\/2020\/09\/logo_EbenisterieDebonville_2-1-768x460.png 768w, https:\/\/ebenisteriedebonville.ca\/wp-content\/uploads\/2020\/09\/logo_EbenisterieDebonville_2-1-600x359.png 600w, https:\/\/ebenisteriedebonville.ca\/wp-content\/uploads\/2020\/09\/logo_EbenisterieDebonville_2-1.png 800w\" sizes=\"auto, (max-width: 300px) 100vw, 300px\" \/><\/p>\n<h3><\/h3>\n<h2>Nous sommes actuellement \u00e0 la recherche de candidat (e) pour combler le\/les postes suivants ;<\/h2>\n<h3><strong>R\u00e9ceptionniste \/\/ Achat<\/strong><\/h3>\n<p>Le candidat (e) aura pour fonctions les suivantes :<\/p>\n<ul>\n<li>Placer les commandes et \u00e9mettre les bons d\u2019achats.<\/li>\n<li>Effectuer le suivi des commandes pour s\u2019assurer du respect des d\u00e9lais de livraison.<\/li>\n<li>N\u00e9gocier\/magasiner avec nos fournisseurs.<\/li>\n<li>Assurer le respect de l\u2019application des ententes sign\u00e9es avec les fournisseurs.<\/li>\n<li>S\u2019assurer de l\u2019obtention des meilleurs co\u00fbts, d\u00e9lais et qualit\u00e9 des produits.<\/li>\n<li>Toutes autres t\u00e2ches connexes aux achats.<\/li>\n<li>R\u00e9pondre au t\u00e9l\u00e9phone, mais surtout filtrer et r\u00e9partir les appels t\u00e9l\u00e9phoniques.<\/li>\n<li>Accueillir les clients, fournisseurs et repr\u00e9sentants.<\/li>\n<li>\u00catre responsable et s\u2019approprier la salle de montre.<\/li>\n<\/ul>\n<p>Date pr\u00e9vu d&#8217;entr\u00e9e en fonction : <strong>d\u00e8s maintenant<\/strong><\/p>\n<div class=\"songlet\">\n<h4>Consulter notre offre d&#8217;emploi sur emploi Qu\u00e9bec pour en savoir plus, ou nous faire parvenir votre C.V \u00e0 l&#8217;adresse suivante : <a href=\"mailto:info@ebenisteriedebonville.ca\">info@ebenisteriedebonville.ca<\/a><\/h4>\n<\/div>\n<p><a href=\"https:\/\/emplois.ca.indeed.com\/emplois?q=ebenisterie%20debonville&amp;l&amp;advn=9501986752260363&amp;vjk=3d3327f8ba88db88\">https:\/\/emplois.ca.indeed.com\/emplois?q=ebenisterie%20debonville&amp;l&amp;advn=9501986752260363&amp;vjk=3d3327f8ba88db88<\/a><\/p>\n<p>&nbsp;<\/p>\n<h3><strong>Assembleur \/\/ Assembleuse<\/strong><\/h3>\n<p>Le candidat (e) aura pour fonctions les suivantes :<\/p>\n<ul>\n<li>\u00catre autonome et disponible.<\/li>\n<li>Aimer le travail en \u00e9quipe.<\/li>\n<li>\u00catre capable de lire les dessins d&#8217;atelier.<\/li>\n<li>Capacit\u00e9 \u00e0 travailler sous pression.<\/li>\n<li>Aimer le travail manuel et utiliser s\u00e9curitairement les machines outils.<\/li>\n<li>Collaborer avec les diff\u00e9rents d\u00e9partements et les co-\u00e9quipiers de travail.<\/li>\n<li>Respecter les \u00e9ch\u00e9anciers et les d\u00e9lais.<\/li>\n<li>Conna\u00eetre les diff\u00e9rences et les particularit\u00e9s des mat\u00e9riaux et de la quincaillerie.<\/li>\n<\/ul>\n<p>Date pr\u00e9vu d&#8217;entr\u00e9e en fonction : <strong>d\u00e8s maintenant<\/strong><\/p>\n<div class=\"songlet\">\n<h4>Nous faire parvenir votre C.V \u00e0 l&#8217;adresse suivante : <a href=\"mailto:info@ebenisteriedebonville.ca\">info@ebenisteriedebonville.ca<\/a><\/h4>\n<\/div>\n<p>&nbsp;<\/p>\n<h3><strong>Installateur<\/strong><\/h3>\n<p>Le candidat (e) aura pour fonctions les suivantes :<\/p>\n<ul>\n<li>\u00catre autonome, responsable et disponible.<\/li>\n<li>Aimer le travail en \u00e9quipe.<\/li>\n<li>\u00catre capable de lire les dessins d&#8217;atelier.<\/li>\n<li>Capacit\u00e9 \u00e0 travailler sous pression.<\/li>\n<li>Aimer le travail manuel et utiliser s\u00e9curitairement les machines-outils.<\/li>\n<li>Collaborer avec les diff\u00e9rents d\u00e9partements et les co-\u00e9quipiers de travail.<\/li>\n<li>Conna\u00eetre les diff\u00e9rences et les particularit\u00e9s des mat\u00e9riaux.<\/li>\n<li>Respecter les \u00e9ch\u00e9anciers et les d\u00e9lais.<\/li>\n<li>S&#8217;assurer du respect des standards de qualit\u00e9s de la compagnie.<\/li>\n<li>Faire l&#8217;installation de meubles, comptoirs et moulures selon les directives et les plans.<\/li>\n<li>Capacit\u00e9 \u00e0 g\u00e9rer les probl\u00e8mes.<\/li>\n<\/ul>\n<p>Date pr\u00e9vu d&#8217;entr\u00e9e en fonction : <strong>d\u00e8s maintenant<\/strong><\/p>\n<div class=\"songlet\">\n<h4>Nous faire parvenir votre C.V \u00e0 l&#8217;adresse suivante : <a href=\"mailto:info@ebenisteriedebonville.ca\">info@ebenisteriedebonville.ca<\/a><\/h4>\n<p>&nbsp;<\/p>\n<\/div>\n<h3><strong>\u00c9b\u00e9niste avec exp\u00e9rience<\/strong><\/h3>\n<p>Le candidat (e) aura pour fonctions les suivantes :<\/p>\n<ul>\n<li>Travailler sur la production des meubles sur mesure<\/li>\n<li>Planifier et effectuer diff\u00e9rents types de coupe de bois ;<\/li>\n<li>D\u00e9biter, couper, sabler, coller et assembler des pi\u00e8ces de bois;<\/li>\n<li>Assembler les composants selon les plans et les m\u00e9thodes;<\/li>\n<li>Capacit\u00e9 \u00e0 lire et interpr\u00e9ter les dessins et les plans<\/li>\n<li>Installer la quincaillerie sp\u00e9cialis\u00e9e dans les meubles<\/li>\n<li>Communiquer sans d\u00e9lai tout d\u00e9faut apparent lors de l\u2019assemblage et tout bris d\u2019\u00e9quipement;<\/li>\n<li>V\u00e9rifier le produit fini et s\u2019assurer de sa conformit\u00e9 aux attentes du client et aux normes de qualit\u00e9s de la compagnie;<\/li>\n<li>Respecter les \u00e9ch\u00e9anciers;<\/li>\n<li>\u00catre en mesure d&#8217;\u00e9tablir et d&#8217;exploiter une vari\u00e9t\u00e9 de machines \u00e0 bois, y compris les outils \u00e9lectriques et manuels<\/li>\n<li>Conna\u00eetre les diff\u00e9rences et les particularit\u00e9s des mat\u00e9riaux<\/li>\n<li>Travail de pr\u00e9cision exigeant de la minutie pour obtenir un haut standard de qualit\u00e9<\/li>\n<\/ul>\n<p>Date pr\u00e9vu d&#8217;entr\u00e9e en fonction : <strong>d\u00e8s maintenant<\/strong><\/p>\n<div class=\"songlet\">\n<h4>Nous faire parvenir votre C.V \u00e0 l&#8217;adresse suivante : <a href=\"mailto:info@ebenisteriedebonville.ca\">info@ebenisteriedebonville.ca<\/a><\/h4>\n<\/div>\n<p>&nbsp;<\/p>\n<p>&nbsp;<\/p>\n<h3><strong>Dessinateur\/dessinatrice &#8211; CHARG\u00c9 (e) DE PROJET<\/strong><\/h3>\n<p>Le candidat (e) aura pour fonctions les suivantes :<\/p>\n<ul>\n<li>Dessiner \u00e0 l&#8217;aide de ECABINET, les diff\u00e9rents projet en \u00e9b\u00e9nisterie (salle de bain &#8211; cuisine &#8211; mobilier).<\/li>\n<li>Cr\u00e9er des pr\u00e9sentations pour les clients avec Power Point.<\/li>\n<li>Produire les nomenclatures pour les achats.<\/li>\n<li>Pr\u00e9parer la mise en production.<\/li>\n<li>Inspecter avant la livraison.<\/li>\n<li>Transmettre les informations pour l&#8217;installation.<\/li>\n<li>Collaborer avec les diff\u00e9rents d\u00e9partements et les co-\u00e9quipiers de travail<\/li>\n<li>G\u00e9rer ses courriels et faire les suivies n\u00e9cessaires avec les clients.<\/li>\n<\/ul>\n<p>Date pr\u00e9vu d&#8217;entr\u00e9e en fonction : <strong>d\u00e8s maintenant<\/strong><\/p>\n<div class=\"songlet\">\n<h4>Nous faire parvenir votre C.V \u00e0 l&#8217;adresse suivante : <a href=\"mailto:info@ebenisteriedebonville.ca\">info@ebenisteriedebonville.ca<\/a><\/h4>\n<\/div>\n<p>&nbsp;<\/p>\n<p>&nbsp;<\/p>\n<h3><em>NOTRE MISSION<\/em><\/h3>\n<p>\u00c9b\u00e9nisterie Debonville Inc. s\u2019est donn\u00e9 pour mission d\u2019offrir \u00e0 sa client\u00e8le des armoires de cuisine, des meubles et d\u2019autres produits de menuiserie architecturale, tous de moyen ou de haut de gamme, et donc de qualit\u00e9 sup\u00e9rieure. L\u2019am\u00e9lioration continue de la qualit\u00e9 des produits et du service \u00e0 la client\u00e8le constitue une pr\u00e9occupation constante de la direction, de m\u00eame que la comp\u00e9tence et la stabilit\u00e9 de son personnel.<\/p>\n<h3><\/h3>\n<h3><em>NOS VALEURS<\/em><\/h3>\n<p>En tant qu\u2019une des meilleures \u00e9b\u00e9nisteries de la r\u00e9gion de Valleyfield, nous donnons une grande importance \u00e0 la r\u00e9alisation d\u2019un produit haut de gamme car c\u2019est pourquoi nos clients comptent sur nous.\u00a0 La r\u00e9alisation de cet objectif primaire ne peut se faire sans une excellente \u00e9quipe.\u00a0 C\u2019est pourquoi chaque employ\u00e9 est important chez <strong>\u00c9b\u00e9nisterie Debonville<\/strong> et que les conditions et les relations de travail sont des points importants pour nous.\u00a0 Si nos employ\u00e9s peuvent travailler dans un environnement de qualit\u00e9, cela ne pourra que les motiver dans la r\u00e9alisation de leur travail.<\/p>\n<p>&nbsp;<\/p>\n<p>&nbsp;<\/p>\n<p>&nbsp;<\/p>\n","protected":false},"excerpt":{"rendered":"<p>Nous sommes actuellement \u00e0 la recherche de candidat (e) pour combler le\/les postes suivants ; R\u00e9ceptionniste \/\/ Achat Le candidat (e) aura pour fonctions les suivantes : Placer les commandes et \u00e9mettre les bons d\u2019achats. Effectuer le suivi des commandes pour s\u2019assurer du respect des d\u00e9lais de livraison. N\u00e9gocier\/magasiner avec nos fournisseurs. Assurer le respect [&hellip;]<\/p>\n","protected":false},"author":1,"featured_media":1531,"parent":0,"menu_order":0,"comment_status":"closed","ping_status":"closed","template":"","meta":{"_acf_changed":false,"footnotes":""},"class_list":["post-2426","page","type-page","status-publish","has-post-thumbnail","hentry"],"acf":[],"yoast_head":"<!-- This site is optimized with the Yoast SEO plugin v27.4 - https:\/\/yoast.com\/product\/yoast-seo-wordpress\/ -->\n<title>Offre d&#039;emploi - \u00c9b\u00e9nisterie Debonville<\/title>\n<meta name=\"robots\" content=\"index, follow, max-snippet:-1, max-image-preview:large, max-video-preview:-1\" \/>\n<link rel=\"canonical\" href=\"https:\/\/ebenisteriedebonville.ca\/en\/offre-demploi\/\" \/>\n<meta property=\"og:locale\" content=\"en_US\" \/>\n<meta property=\"og:type\" content=\"article\" \/>\n<meta property=\"og:title\" content=\"Offre d&#039;emploi - \u00c9b\u00e9nisterie Debonville\" \/>\n<meta property=\"og:description\" content=\"Nous sommes actuellement \u00e0 la recherche de candidat (e) pour combler le\/les postes suivants ; R\u00e9ceptionniste \/\/ Achat Le candidat (e) aura pour fonctions les suivantes : Placer les commandes et \u00e9mettre les bons d\u2019achats. Effectuer le suivi des commandes pour s\u2019assurer du respect des d\u00e9lais de livraison. N\u00e9gocier\/magasiner avec nos fournisseurs. Assurer le respect [&hellip;]\" \/>\n<meta property=\"og:url\" content=\"https:\/\/ebenisteriedebonville.ca\/en\/offre-demploi\/\" \/>\n<meta property=\"og:site_name\" content=\"\u00c9b\u00e9nisterie Debonville\" \/>\n<meta property=\"article:modified_time\" content=\"2023-11-01T19:01:49+00:00\" \/>\n<meta property=\"og:image\" content=\"https:\/\/ebenisteriedebonville.ca\/wp-content\/uploads\/2020\/09\/EbenisterieDebonville_Menuiserie.jpg\" \/>\n\t<meta property=\"og:image:width\" content=\"1000\" \/>\n\t<meta property=\"og:image:height\" content=\"667\" \/>\n\t<meta property=\"og:image:type\" content=\"image\/jpeg\" \/>\n<meta name=\"twitter:card\" content=\"summary_large_image\" \/>\n<meta name=\"twitter:label1\" content=\"Est. reading time\" \/>\n\t<meta name=\"twitter:data1\" content=\"4 minutes\" \/>\n<script type=\"application\/ld+json\" class=\"yoast-schema-graph\">{\"@context\":\"https:\\\/\\\/schema.org\",\"@graph\":[{\"@type\":\"WebPage\",\"@id\":\"https:\\\/\\\/ebenisteriedebonville.ca\\\/en\\\/offre-demploi\\\/\",\"url\":\"https:\\\/\\\/ebenisteriedebonville.ca\\\/en\\\/offre-demploi\\\/\",\"name\":\"Offre d'emploi - \u00c9b\u00e9nisterie Debonville\",\"isPartOf\":{\"@id\":\"https:\\\/\\\/ebenisteriedebonville.ca\\\/#website\"},\"primaryImageOfPage\":{\"@id\":\"https:\\\/\\\/ebenisteriedebonville.ca\\\/en\\\/offre-demploi\\\/#primaryimage\"},\"image\":{\"@id\":\"https:\\\/\\\/ebenisteriedebonville.ca\\\/en\\\/offre-demploi\\\/#primaryimage\"},\"thumbnailUrl\":\"https:\\\/\\\/ebenisteriedebonville.ca\\\/wp-content\\\/uploads\\\/2020\\\/09\\\/EbenisterieDebonville_Menuiserie.jpg\",\"datePublished\":\"2020-10-06T16:10:30+00:00\",\"dateModified\":\"2023-11-01T19:01:49+00:00\",\"breadcrumb\":{\"@id\":\"https:\\\/\\\/ebenisteriedebonville.ca\\\/en\\\/offre-demploi\\\/#breadcrumb\"},\"inLanguage\":\"en-US\",\"potentialAction\":[{\"@type\":\"ReadAction\",\"target\":[\"https:\\\/\\\/ebenisteriedebonville.ca\\\/en\\\/offre-demploi\\\/\"]}]},{\"@type\":\"ImageObject\",\"inLanguage\":\"en-US\",\"@id\":\"https:\\\/\\\/ebenisteriedebonville.ca\\\/en\\\/offre-demploi\\\/#primaryimage\",\"url\":\"https:\\\/\\\/ebenisteriedebonville.ca\\\/wp-content\\\/uploads\\\/2020\\\/09\\\/EbenisterieDebonville_Menuiserie.jpg\",\"contentUrl\":\"https:\\\/\\\/ebenisteriedebonville.ca\\\/wp-content\\\/uploads\\\/2020\\\/09\\\/EbenisterieDebonville_Menuiserie.jpg\",\"width\":1000,\"height\":667},{\"@type\":\"BreadcrumbList\",\"@id\":\"https:\\\/\\\/ebenisteriedebonville.ca\\\/en\\\/offre-demploi\\\/#breadcrumb\",\"itemListElement\":[{\"@type\":\"ListItem\",\"position\":1,\"name\":\"Home\",\"item\":\"https:\\\/\\\/ebenisteriedebonville.ca\\\/en\\\/\"},{\"@type\":\"ListItem\",\"position\":2,\"name\":\"Offre d&#8217;emploi\"}]},{\"@type\":\"WebSite\",\"@id\":\"https:\\\/\\\/ebenisteriedebonville.ca\\\/#website\",\"url\":\"https:\\\/\\\/ebenisteriedebonville.ca\\\/\",\"name\":\"\u00c9b\u00e9nisterie Debonville\",\"description\":\"\",\"publisher\":{\"@id\":\"https:\\\/\\\/ebenisteriedebonville.ca\\\/#organization\"},\"potentialAction\":[{\"@type\":\"SearchAction\",\"target\":{\"@type\":\"EntryPoint\",\"urlTemplate\":\"https:\\\/\\\/ebenisteriedebonville.ca\\\/?s={search_term_string}\"},\"query-input\":{\"@type\":\"PropertyValueSpecification\",\"valueRequired\":true,\"valueName\":\"search_term_string\"}}],\"inLanguage\":\"en-US\"},{\"@type\":\"Organization\",\"@id\":\"https:\\\/\\\/ebenisteriedebonville.ca\\\/#organization\",\"name\":\"\u00c9b\u00e9nisterie Debonville\",\"url\":\"https:\\\/\\\/ebenisteriedebonville.ca\\\/\",\"logo\":{\"@type\":\"ImageObject\",\"inLanguage\":\"en-US\",\"@id\":\"https:\\\/\\\/ebenisteriedebonville.ca\\\/#\\\/schema\\\/logo\\\/image\\\/\",\"url\":\"https:\\\/\\\/ebenisteriedebonville.ca\\\/wp-content\\\/uploads\\\/2020\\\/09\\\/cropped-e\u0301be\u0301nisterie-debonville.jpg\",\"contentUrl\":\"https:\\\/\\\/ebenisteriedebonville.ca\\\/wp-content\\\/uploads\\\/2020\\\/09\\\/cropped-e\u0301be\u0301nisterie-debonville.jpg\",\"width\":167,\"height\":100,\"caption\":\"\u00c9b\u00e9nisterie Debonville\"},\"image\":{\"@id\":\"https:\\\/\\\/ebenisteriedebonville.ca\\\/#\\\/schema\\\/logo\\\/image\\\/\"}}]}<\/script>\n<!-- \/ Yoast SEO plugin. -->","yoast_head_json":{"title":"Offre d'emploi - \u00c9b\u00e9nisterie Debonville","robots":{"index":"index","follow":"follow","max-snippet":"max-snippet:-1","max-image-preview":"max-image-preview:large","max-video-preview":"max-video-preview:-1"},"canonical":"https:\/\/ebenisteriedebonville.ca\/en\/offre-demploi\/","og_locale":"en_US","og_type":"article","og_title":"Offre d'emploi - \u00c9b\u00e9nisterie Debonville","og_description":"Nous sommes actuellement \u00e0 la recherche de candidat (e) pour combler le\/les postes suivants ; R\u00e9ceptionniste \/\/ Achat Le candidat (e) aura pour fonctions les suivantes : Placer les commandes et \u00e9mettre les bons d\u2019achats. Effectuer le suivi des commandes pour s\u2019assurer du respect des d\u00e9lais de livraison. N\u00e9gocier\/magasiner avec nos fournisseurs. Assurer le respect [&hellip;]","og_url":"https:\/\/ebenisteriedebonville.ca\/en\/offre-demploi\/","og_site_name":"\u00c9b\u00e9nisterie Debonville","article_modified_time":"2023-11-01T19:01:49+00:00","og_image":[{"width":1000,"height":667,"url":"https:\/\/ebenisteriedebonville.ca\/wp-content\/uploads\/2020\/09\/EbenisterieDebonville_Menuiserie.jpg","type":"image\/jpeg"}],"twitter_card":"summary_large_image","twitter_misc":{"Est. reading time":"4 minutes"},"schema":{"@context":"https:\/\/schema.org","@graph":[{"@type":"WebPage","@id":"https:\/\/ebenisteriedebonville.ca\/en\/offre-demploi\/","url":"https:\/\/ebenisteriedebonville.ca\/en\/offre-demploi\/","name":"Offre d'emploi - \u00c9b\u00e9nisterie Debonville","isPartOf":{"@id":"https:\/\/ebenisteriedebonville.ca\/#website"},"primaryImageOfPage":{"@id":"https:\/\/ebenisteriedebonville.ca\/en\/offre-demploi\/#primaryimage"},"image":{"@id":"https:\/\/ebenisteriedebonville.ca\/en\/offre-demploi\/#primaryimage"},"thumbnailUrl":"https:\/\/ebenisteriedebonville.ca\/wp-content\/uploads\/2020\/09\/EbenisterieDebonville_Menuiserie.jpg","datePublished":"2020-10-06T16:10:30+00:00","dateModified":"2023-11-01T19:01:49+00:00","breadcrumb":{"@id":"https:\/\/ebenisteriedebonville.ca\/en\/offre-demploi\/#breadcrumb"},"inLanguage":"en-US","potentialAction":[{"@type":"ReadAction","target":["https:\/\/ebenisteriedebonville.ca\/en\/offre-demploi\/"]}]},{"@type":"ImageObject","inLanguage":"en-US","@id":"https:\/\/ebenisteriedebonville.ca\/en\/offre-demploi\/#primaryimage","url":"https:\/\/ebenisteriedebonville.ca\/wp-content\/uploads\/2020\/09\/EbenisterieDebonville_Menuiserie.jpg","contentUrl":"https:\/\/ebenisteriedebonville.ca\/wp-content\/uploads\/2020\/09\/EbenisterieDebonville_Menuiserie.jpg","width":1000,"height":667},{"@type":"BreadcrumbList","@id":"https:\/\/ebenisteriedebonville.ca\/en\/offre-demploi\/#breadcrumb","itemListElement":[{"@type":"ListItem","position":1,"name":"Home","item":"https:\/\/ebenisteriedebonville.ca\/en\/"},{"@type":"ListItem","position":2,"name":"Offre d&#8217;emploi"}]},{"@type":"WebSite","@id":"https:\/\/ebenisteriedebonville.ca\/#website","url":"https:\/\/ebenisteriedebonville.ca\/","name":"\u00c9b\u00e9nisterie Debonville","description":"","publisher":{"@id":"https:\/\/ebenisteriedebonville.ca\/#organization"},"potentialAction":[{"@type":"SearchAction","target":{"@type":"EntryPoint","urlTemplate":"https:\/\/ebenisteriedebonville.ca\/?s={search_term_string}"},"query-input":{"@type":"PropertyValueSpecification","valueRequired":true,"valueName":"search_term_string"}}],"inLanguage":"en-US"},{"@type":"Organization","@id":"https:\/\/ebenisteriedebonville.ca\/#organization","name":"\u00c9b\u00e9nisterie Debonville","url":"https:\/\/ebenisteriedebonville.ca\/","logo":{"@type":"ImageObject","inLanguage":"en-US","@id":"https:\/\/ebenisteriedebonville.ca\/#\/schema\/logo\/image\/","url":"https:\/\/ebenisteriedebonville.ca\/wp-content\/uploads\/2020\/09\/cropped-e\u0301be\u0301nisterie-debonville.jpg","contentUrl":"https:\/\/ebenisteriedebonville.ca\/wp-content\/uploads\/2020\/09\/cropped-e\u0301be\u0301nisterie-debonville.jpg","width":167,"height":100,"caption":"\u00c9b\u00e9nisterie Debonville"},"image":{"@id":"https:\/\/ebenisteriedebonville.ca\/#\/schema\/logo\/image\/"}}]}},"_links":{"self":[{"href":"https:\/\/ebenisteriedebonville.ca\/en\/wp-json\/wp\/v2\/pages\/2426","targetHints":{"allow":["GET"]}}],"collection":[{"href":"https:\/\/ebenisteriedebonville.ca\/en\/wp-json\/wp\/v2\/pages"}],"about":[{"href":"https:\/\/ebenisteriedebonville.ca\/en\/wp-json\/wp\/v2\/types\/page"}],"author":[{"embeddable":true,"href":"https:\/\/ebenisteriedebonville.ca\/en\/wp-json\/wp\/v2\/users\/1"}],"replies":[{"embeddable":true,"href":"https:\/\/ebenisteriedebonville.ca\/en\/wp-json\/wp\/v2\/comments?post=2426"}],"version-history":[{"count":0,"href":"https:\/\/ebenisteriedebonville.ca\/en\/wp-json\/wp\/v2\/pages\/2426\/revisions"}],"wp:featuredmedia":[{"embeddable":true,"href":"https:\/\/ebenisteriedebonville.ca\/en\/wp-json\/wp\/v2\/media\/1531"}],"wp:attachment":[{"href":"https:\/\/ebenisteriedebonville.ca\/en\/wp-json\/wp\/v2\/media?parent=2426"}],"curies":[{"name":"wp","href":"https:\/\/api.w.org\/{rel}","templated":true}]}}